{"id":51,"date":"2013-01-29T16:05:39","date_gmt":"2013-01-29T16:05:39","guid":{"rendered":"http:\/\/hebamme-ruth-bamberg.de\/?page_id=51"},"modified":"2018-08-23T09:42:10","modified_gmt":"2018-08-23T09:42:10","slug":"kontakt-und-impressum","status":"publish","type":"page","link":"https:\/\/hebamme-ruth-burgebrach.de\/?page_id=51","title":{"rendered":"Kontakt und Impressum"},"content":{"rendered":"<h4 style=\"text-align: left;\">Ruth Neff<br \/>\n<strong>Hebamme<\/strong><\/h4>\n<p style=\"text-align: left;\">Im Ried 27<br \/>\n96138 Burgebrach<\/p>\n<p style=\"text-align: left;\">Tel.: 09546-5920996<br \/>\nE-Mail: <a href=\"mailto:ruth_neff@gmx.de\">ruth_neff@gmx.de<br \/>\n<\/a><\/p>\n<p style=\"text-align: left;\">Ab Schwangerschaftsbeginn ist eine Betreuung durch Hebammen sinnvoll. Ich freue mich, wenn Sie schon in den ersten Wochen Kontakt mit mir aufnehmen.<\/p>\n<p style=\"text-align: center;\"><img loading=\"lazy\" class=\"size-medium wp-image-413 aligncenter\" src=\"http:\/\/hebamme-ruth-bamberg.de\/wp-content\/uploads\/2013\/01\/Babybauch-Spielsachen-300x200.jpg\" alt=\"Babybauch Spielsachen\" width=\"300\" height=\"200\" srcset=\"https:\/\/hebamme-ruth-burgebrach.de\/wp-content\/uploads\/2013\/01\/Babybauch-Spielsachen-300x200.jpg 300w, https:\/\/hebamme-ruth-burgebrach.de\/wp-content\/uploads\/2013\/01\/Babybauch-Spielsachen-1024x685.jpg 1024w, https:\/\/hebamme-ruth-burgebrach.de\/wp-content\/uploads\/2013\/01\/Babybauch-Spielsachen-588x393.jpg 588w\" sizes=\"(max-width: 300px) 100vw, 300px\" \/><\/p>\n<hr \/>\n<h5 style=\"text-align: left;\">Programmierung und Design<\/h5>\n<p>Fabian Biberger (<a title=\"Website von Fabian Biberger\" href=\"http:\/\/www.fbiberger.de\">http:\/\/www.fbiberger.de<\/a>)<\/p>\n<hr \/>\n<h5>Bilder<\/h5>\n<p>\u00a9 Fotowerk &#8211; Fotolia.com \u00a9 Superingo &#8211; Fotolia.com<br \/>\n\u00a9 st-fotograf &#8211; Fotolia.com<br \/>\n\u00a9 Robert Emprechtinger &#8211; Fotolia.com<br \/>\n\u00a9 Michael Sch\u00fctze &#8211; Fotolia.com<br \/>\n\u00a9 Hannes Eichinger &#8211; Fotolia.com<br \/>\n\u00a9 Gerhard Seybert &#8211; Fotolia.com<br \/>\n\u00a9 Printemps &#8211; Fotolia.com<br \/>\n\u00a9 Erdm\u00e4nnchen &#8211; Fotolia.com<br \/>\n\u00a9 the rock &#8211; Fotolia.com<br \/>\n\u00a9 Springoz &#8211; Fotolia.com<\/p>\n<hr \/>\n<h5>Haftung f\u00fcr Links<\/h5>\n<p>Unser Angebot enth\u00e4lt Links zu externen Webseiten Dritter, auf deren Inhalte wir keinen Einfluss haben. Deshalb k\u00f6nnen wir f\u00fcr diese fremden Inhalte auch keine Gew\u00e4hr \u00fcbernehmen. F\u00fcr die Inhalte der verlinkten Seiten ist stets der jeweilige Anbieter oder Betreiber der Seiten verantwortlich. Die verlinkten Seiten wurden zum Zeitpunkt der Verlinkung auf m\u00f6gliche Rechtsverst\u00f6\u00dfe \u00fcberpr\u00fcft. Rechtswidrige Inhalte waren zum Zeitpunkt der Verlinkung nicht erkennbar. Eine permanente inhaltliche Kontrolle der verlinkten Seiten ist jedoch ohne konkrete Anhaltspunkte einer Rechtsverletzung nicht zumutbar. Bei bekannt werden von Rechtsverletzungen werden wir derartige Links umgehend entfernen.<\/p>\n<p>Alle Rechte vorbehalten. Keine Vervielf\u00e4ltigung, Verbreitung oder Nutzung f\u00fcr kommerzielle Zwecke.<\/p>\n","protected":false},"excerpt":{"rendered":"<p>Ruth Neff Hebamme Im Ried 27 96138 Burgebrach Tel.: 09546-5920996 E-Mail: ruth_neff@gmx.de Ab Schwangerschaftsbeginn ist eine Betreuung durch Hebammen sinnvoll. Ich freue mich, wenn Sie schon in den ersten Wochen Kontakt mit mir aufnehmen. Programmierung und Design Fabian Biberger (http:\/\/www.fbiberger.de) Bilder \u00a9 Fotowerk &#8211; Fotolia.com \u00a9 Superingo &#8211; Fotolia.com \u00a9 st-fotograf &#8211; Fotolia.com \u00a9 Robert [&hellip;]<\/p>\n","protected":false},"author":1,"featured_media":0,"parent":0,"menu_order":0,"comment_status":"closed","ping_status":"open","template":"","meta":[],"_links":{"self":[{"href":"https:\/\/hebamme-ruth-burgebrach.de\/index.php?rest_route=\/wp\/v2\/pages\/51"}],"collection":[{"href":"https:\/\/hebamme-ruth-burgebrach.de\/index.php?rest_route=\/wp\/v2\/pages"}],"about":[{"href":"https:\/\/hebamme-ruth-burgebrach.de\/index.php?rest_route=\/wp\/v2\/types\/page"}],"author":[{"embeddable":true,"href":"https:\/\/hebamme-ruth-burgebrach.de\/index.php?rest_route=\/wp\/v2\/users\/1"}],"replies":[{"embeddable":true,"href":"https:\/\/hebamme-ruth-burgebrach.de\/index.php?rest_route=%2Fwp%2Fv2%2Fcomments&post=51"}],"version-history":[{"count":26,"href":"https:\/\/hebamme-ruth-burgebrach.de\/index.php?rest_route=\/wp\/v2\/pages\/51\/revisions"}],"predecessor-version":[{"id":552,"href":"https:\/\/hebamme-ruth-burgebrach.de\/index.php?rest_route=\/wp\/v2\/pages\/51\/revisions\/552"}],"wp:attachment":[{"href":"https:\/\/hebamme-ruth-burgebrach.de\/index.php?rest_route=%2Fwp%2Fv2%2Fmedia&parent=51"}],"curies":[{"name":"wp","href":"https:\/\/api.w.org\/{rel}","templated":true}]}}